{"id":24,"date":"2024-06-16T12:53:25","date_gmt":"2024-06-16T12:53:25","guid":{"rendered":"https:\/\/vikvandan.com\/?page_id=24"},"modified":"2025-10-01T20:24:07","modified_gmt":"2025-10-01T20:24:07","slug":"vikvandan-compliance-consulting-agency","status":"publish","type":"page","link":"https:\/\/vikvandan.com\/es\/","title":{"rendered":"VikVanDan"},"content":{"rendered":"<div class=\"wp-block-group alignfull has-global-padding is-layout-constrained wp-container-core-group-is-layout-e555385e wp-block-group-is-layout-constrained\">\n<div class=\"wp-block-group alignfull has-global-padding is-layout-constrained wp-block-group-is-layout-constrained\">\n<div class=\"wp-block-cover alignfull has-parallax\" style=\"min-height:690px;aspect-ratio:unset;\"><div class=\"wp-block-cover__image-background wp-image-33 has-parallax\" style=\"background-position:50% 50%;background-image:url(https:\/\/vikvandan.com\/wp-content\/uploads\/2024\/06\/tyler-franta-iusJ25iYu1c-unsplash-scaled.jpg)\"><\/div><span aria-hidden=\"true\" class=\"wp-block-cover__background has-background-dim-90 has-background-dim wp-block-cover__gradient-background has-background-gradient\" style=\"background:linear-gradient(80deg,rgb(44,64,74) 47%,rgba(250,250,250,0) 100%)\"><\/span><div class=\"wp-block-cover__inner-container has-global-padding is-layout-constrained wp-block-cover-is-layout-constrained\">\n<div class=\"wp-block-columns alignwide is-layout-flex wp-container-core-columns-is-layout-28f84493 wp-block-columns-is-layout-flex\">\n<div class=\"wp-block-column is-layout-flow wp-block-column-is-layout-flow\">\n<div class=\"wp-block-group alignwide has-global-padding is-layout-constrained wp-block-group-is-layout-constrained\" style=\"padding-top:0\">\n<h1 class=\"wp-block-heading alignwide has-text-align-left has-base-2-color has-text-color has-link-color wp-elements-5ba17accd4e07947939a4ae80ac0c7da\" style=\"padding-right:var(--wp--preset--spacing--20);padding-left:var(--wp--preset--spacing--20)\"><strong>Transforma tu camino hacia el cumplimiento normativo<\/strong><\/h1>\n\n\n\n<h2 class=\"wp-block-heading alignwide has-text-align-left has-base-2-color has-text-color has-link-color has-medium-font-size wp-elements-db032d30e25df9f780fbdbaceb4ccd0f\" style=\"padding-right:var(--wp--preset--spacing--20);padding-left:var(--wp--preset--spacing--20)\">Somos una agencia especializada en consultor\u00eda de cumplimiento normativo.\nImpulsa tus procesos de KYC, AML y KYB con tecnolog\u00edas de vanguardia como identidades digitales, wallets de identidad y Bank IDs.\nOfrecemos una incorporaci\u00f3n digital fluida, segura y totalmente escalable.<\/h2>\n<\/div>\n<\/div>\n\n\n\n<div class=\"wp-block-column is-layout-flow wp-block-column-is-layout-flow\"><\/div>\n<\/div>\n<\/div><\/div>\n<\/div>\n\n\n\n<div style=\"height:100px\" aria-hidden=\"true\" class=\"wp-block-spacer\"><\/div>\n\n\n\n<h2 class=\"wp-block-heading alignwide has-contrast-2-color has-text-color has-link-color wp-elements-a339b9dedbb5331be7d8e1961c6369ab\">Nuestra Misi\u00f3n.<\/h2>\n\n\n\n<div class=\"wp-block-columns alignwide is-layout-flex wp-container-core-columns-is-layout-28f84493 wp-block-columns-is-layout-flex\">\n<div class=\"wp-block-column is-layout-flow wp-container-core-column-is-layout-90aadeb6 wp-block-column-is-layout-flow\" style=\"padding-right:0rem;padding-left:0rem;flex-basis:100%\">\n<p style=\"padding-top:var(--wp--preset--spacing--10);padding-right:0;padding-bottom:var(--wp--preset--spacing--10);padding-left:0\">Convertir el cumplimiento normativo en un motor de confianza y crecimiento.\nSimplificamos regulaciones complejas como <strong>E-ID, KYC, KYB, AML e integraciones API,<\/strong> transform\u00e1ndolas en soluciones claras y escalables.\nAl combinar experiencia regulatoria con tecnolog\u00eda moderna, ayudamos a las empresas a mantenerse seguras, adaptables y preparadas para el futuro.<\/p>\n<\/div>\n<\/div>\n\n\n\n<div style=\"height:20px\" aria-hidden=\"true\" class=\"wp-block-spacer\"><\/div>\n\n\n\n<div class=\"wp-block-buttons is-content-justification-center is-layout-flex wp-container-core-buttons-is-layout-a89b3969 wp-block-buttons-is-layout-flex\">\n<div class=\"wp-block-button\"><a class=\"wp-block-button__link wp-element-button\" href=\"https:\/\/vikvandan.com\/es\/about-us\/\" style=\"border-radius:100px\" rel=\"https:\/\/vikvandan.com\/about-us\">Saber M\u00e1s<\/a><\/div>\n<\/div>\n\n\n\n<div style=\"height:100px\" aria-hidden=\"true\" class=\"wp-block-spacer\"><\/div>\n\n\n\n<div class=\"wp-block-group alignfull has-background has-global-padding is-layout-constrained wp-block-group-is-layout-constrained\" style=\"background-color:#eeeeee\">\n<div style=\"height:100px\" aria-hidden=\"true\" class=\"wp-block-spacer\"><\/div>\n\n\n\n<h2 class=\"wp-block-heading alignwide has-contrast-color has-text-color has-link-color wp-elements-29dfb026781714521faafa4fe8a80f39\">Nuestros Servicios.<\/h2>\n\n\n\n<div class=\"wp-block-columns alignwide is-layout-flex wp-container-core-columns-is-layout-28f84493 wp-block-columns-is-layout-flex\">\n<div class=\"wp-block-column has-background is-layout-flow wp-container-core-column-is-layout-334757f1 wp-block-column-is-layout-flow\" style=\"border-style:none;border-width:0px;border-radius:13px;background-color:#ffffffb0;padding-top:var(--wp--preset--spacing--20);padding-right:var(--wp--preset--spacing--20);padding-bottom:var(--wp--preset--spacing--20);padding-left:var(--wp--preset--spacing--20);box-shadow:none\">\n<figure class=\"wp-block-image aligncenter size-full\"><img loading=\"lazy\" decoding=\"async\" width=\"1024\" height=\"1024\" src=\"https:\/\/vikvandan.com\/wp-content\/uploads\/2025\/09\/ChatGPT-Image-23-sept-2025-06_49_12-p.m.png\" alt=\"\" class=\"wp-image-538\" style=\"object-fit:cover\" srcset=\"https:\/\/vikvandan.com\/wp-content\/uploads\/2025\/09\/ChatGPT-Image-23-sept-2025-06_49_12-p.m.png 1024w, https:\/\/vikvandan.com\/wp-content\/uploads\/2025\/09\/ChatGPT-Image-23-sept-2025-06_49_12-p.m-300x300.png 300w, https:\/\/vikvandan.com\/wp-content\/uploads\/2025\/09\/ChatGPT-Image-23-sept-2025-06_49_12-p.m-150x150.png 150w, https:\/\/vikvandan.com\/wp-content\/uploads\/2025\/09\/ChatGPT-Image-23-sept-2025-06_49_12-p.m-768x768.png 768w\" sizes=\"auto, (max-width: 1024px) 100vw, 1024px\" \/><\/figure>\n\n\n\n<h3 class=\"wp-block-heading has-text-align-center\"><strong>e-ID<\/strong><\/h3>\n<\/div>\n\n\n\n<div class=\"wp-block-column has-background is-layout-flow wp-container-core-column-is-layout-334757f1 wp-block-column-is-layout-flow\" style=\"border-radius:13px;background-color:#ffffffb0;padding-top:var(--wp--preset--spacing--20);padding-right:var(--wp--preset--spacing--20);padding-bottom:var(--wp--preset--spacing--20);padding-left:var(--wp--preset--spacing--20)\">\n<figure class=\"wp-block-image aligncenter size-full\"><img loading=\"lazy\" decoding=\"async\" width=\"2560\" height=\"2560\" src=\"https:\/\/vikvandan.com\/wp-content\/uploads\/2025\/09\/AML-scaled.png\" alt=\"\" class=\"wp-image-727\" style=\"object-fit:cover\" srcset=\"https:\/\/vikvandan.com\/wp-content\/uploads\/2025\/09\/AML-scaled.png 2560w, https:\/\/vikvandan.com\/wp-content\/uploads\/2025\/09\/AML-300x300.png 300w, https:\/\/vikvandan.com\/wp-content\/uploads\/2025\/09\/AML-1024x1024.png 1024w, https:\/\/vikvandan.com\/wp-content\/uploads\/2025\/09\/AML-150x150.png 150w, https:\/\/vikvandan.com\/wp-content\/uploads\/2025\/09\/AML-768x768.png 768w, https:\/\/vikvandan.com\/wp-content\/uploads\/2025\/09\/AML-1536x1536.png 1536w, https:\/\/vikvandan.com\/wp-content\/uploads\/2025\/09\/AML-2048x2048.png 2048w\" sizes=\"auto, (max-width: 2560px) 100vw, 2560px\" \/><\/figure>\n\n\n\n<h3 class=\"wp-block-heading has-text-align-center\"><strong>AML<\/strong><\/h3>\n<\/div>\n\n\n\n<div class=\"wp-block-column has-background is-layout-flow wp-container-core-column-is-layout-334757f1 wp-block-column-is-layout-flow\" style=\"border-radius:13px;background-color:#ffffffb0;padding-top:var(--wp--preset--spacing--20);padding-right:var(--wp--preset--spacing--20);padding-bottom:var(--wp--preset--spacing--20);padding-left:var(--wp--preset--spacing--20)\">\n<figure class=\"wp-block-image size-full\"><img loading=\"lazy\" decoding=\"async\" width=\"2560\" height=\"2560\" src=\"https:\/\/vikvandan.com\/wp-content\/uploads\/2025\/09\/KYC-01-1-scaled.png\" alt=\"\" class=\"wp-image-712\" srcset=\"https:\/\/vikvandan.com\/wp-content\/uploads\/2025\/09\/KYC-01-1-scaled.png 2560w, https:\/\/vikvandan.com\/wp-content\/uploads\/2025\/09\/KYC-01-1-300x300.png 300w, https:\/\/vikvandan.com\/wp-content\/uploads\/2025\/09\/KYC-01-1-1024x1024.png 1024w, https:\/\/vikvandan.com\/wp-content\/uploads\/2025\/09\/KYC-01-1-150x150.png 150w, https:\/\/vikvandan.com\/wp-content\/uploads\/2025\/09\/KYC-01-1-768x768.png 768w, https:\/\/vikvandan.com\/wp-content\/uploads\/2025\/09\/KYC-01-1-1536x1536.png 1536w, https:\/\/vikvandan.com\/wp-content\/uploads\/2025\/09\/KYC-01-1-2048x2048.png 2048w\" sizes=\"auto, (max-width: 2560px) 100vw, 2560px\" \/><\/figure>\n\n\n\n<h3 class=\"wp-block-heading has-text-align-center\"><strong>KYC<\/strong><\/h3>\n<\/div>\n\n\n\n<div class=\"wp-block-column has-background is-layout-flow wp-container-core-column-is-layout-334757f1 wp-block-column-is-layout-flow\" style=\"border-radius:13px;background-color:#ffffffb0;padding-top:var(--wp--preset--spacing--20);padding-right:var(--wp--preset--spacing--20);padding-bottom:var(--wp--preset--spacing--20);padding-left:var(--wp--preset--spacing--20)\">\n<figure class=\"wp-block-image size-full\"><img loading=\"lazy\" decoding=\"async\" width=\"2560\" height=\"2560\" src=\"https:\/\/vikvandan.com\/wp-content\/uploads\/2025\/09\/KYB-01-scaled.png\" alt=\"\" class=\"wp-image-724\" srcset=\"https:\/\/vikvandan.com\/wp-content\/uploads\/2025\/09\/KYB-01-scaled.png 2560w, https:\/\/vikvandan.com\/wp-content\/uploads\/2025\/09\/KYB-01-300x300.png 300w, https:\/\/vikvandan.com\/wp-content\/uploads\/2025\/09\/KYB-01-1024x1024.png 1024w, https:\/\/vikvandan.com\/wp-content\/uploads\/2025\/09\/KYB-01-150x150.png 150w, https:\/\/vikvandan.com\/wp-content\/uploads\/2025\/09\/KYB-01-768x768.png 768w, https:\/\/vikvandan.com\/wp-content\/uploads\/2025\/09\/KYB-01-1536x1536.png 1536w, https:\/\/vikvandan.com\/wp-content\/uploads\/2025\/09\/KYB-01-2048x2048.png 2048w\" sizes=\"auto, (max-width: 2560px) 100vw, 2560px\" \/><\/figure>\n\n\n\n<h3 class=\"wp-block-heading has-text-align-center\"><strong>KYB<\/strong><\/h3>\n<\/div>\n<\/div>\n\n\n\n<div class=\"wp-block-buttons is-content-justification-center is-layout-flex wp-container-core-buttons-is-layout-a89b3969 wp-block-buttons-is-layout-flex\">\n<div class=\"wp-block-button\"><a class=\"wp-block-button__link wp-element-button\" href=\"https:\/\/vikvandan.com\/es\/our-services\/\" style=\"border-radius:100px\">Saber M\u00e1s<\/a><\/div>\n<\/div>\n\n\n\n<div style=\"height:100px\" aria-hidden=\"true\" class=\"wp-block-spacer\"><\/div>\n<\/div>\n\n\n\n<div class=\"wp-block-group alignfull has-base-2-background-color has-background has-global-padding is-layout-constrained wp-block-group-is-layout-constrained\">\n<div class=\"wp-block-group alignwide has-global-padding is-layout-constrained wp-block-group-is-layout-constrained\">\n<div style=\"height:100px\" aria-hidden=\"true\" class=\"wp-block-spacer\"><\/div>\n\n\n\n<h2 class=\"wp-block-heading alignwide\">Por Qu\u00e9 Nosotros.<\/h2>\n\n\n\n<div class=\"wp-block-columns alignwide is-layout-flex wp-container-core-columns-is-layout-28b55a6e wp-block-columns-is-layout-flex\" style=\"padding-top:var(--wp--preset--spacing--10);padding-bottom:var(--wp--preset--spacing--10)\">\n<div class=\"wp-block-column is-vertically-aligned-center is-layout-flow wp-block-column-is-layout-flow\" style=\"flex-basis:33.33%\">\n<figure class=\"wp-block-image size-large has-custom-border\"><img loading=\"lazy\" decoding=\"async\" width=\"1024\" height=\"683\" src=\"https:\/\/vikvandan.com\/wp-content\/uploads\/2024\/06\/scott-graham-5fNmWej4tAA-unsplash-1-1024x683.jpg\" alt=\"\" class=\"wp-image-202\" style=\"border-radius:13px\" srcset=\"https:\/\/vikvandan.com\/wp-content\/uploads\/2024\/06\/scott-graham-5fNmWej4tAA-unsplash-1-1024x683.jpg 1024w, https:\/\/vikvandan.com\/wp-content\/uploads\/2024\/06\/scott-graham-5fNmWej4tAA-unsplash-1-300x200.jpg 300w, https:\/\/vikvandan.com\/wp-content\/uploads\/2024\/06\/scott-graham-5fNmWej4tAA-unsplash-1-768x513.jpg 768w, https:\/\/vikvandan.com\/wp-content\/uploads\/2024\/06\/scott-graham-5fNmWej4tAA-unsplash-1-1536x1025.jpg 1536w, https:\/\/vikvandan.com\/wp-content\/uploads\/2024\/06\/scott-graham-5fNmWej4tAA-unsplash-1-2048x1367.jpg 2048w\" sizes=\"auto, (max-width: 1024px) 100vw, 1024px\" \/><\/figure>\n<\/div>\n\n\n\n<div class=\"wp-block-column is-vertically-aligned-center is-layout-flow wp-block-column-is-layout-flow\" style=\"padding-top:0;padding-right:var(--wp--preset--spacing--10);padding-bottom:0;padding-left:var(--wp--preset--spacing--10);flex-basis:66.66%\">\n<p>Como una <strong>Agencia de Consultor\u00eda en Cumplimiento de confianza,<\/strong>simplificamos los desaf\u00edos regulatorios gracias a nuestra experiencia <strong>en identificaci\u00f3n electr\u00f3nica (E-ID), conozca a su cliente (KYC), conozca a su empresa (KYB) y prevenci\u00f3n del lavado de dinero (AML).<\/strong>Nuestro equipo combina conocimiento normativo con integraciones API fluidas para ofrecer soluciones de cumplimiento seguras, escalables y preparadas para el futuro.<\/p>\n\n\n\n<p><strong>Lo que nos diferencia:<\/strong><\/p>\n\n\n\n<div class=\"wp-block-group is-horizontal is-layout-flex wp-block-group-is-layout-flex\">\n<i class=\"fa fa-check-circle\" ><\/i>\n\n\n\n<p>Marcos de cumplimiento preparados para el futuro<\/p>\n<\/div>\n\n\n\n<div class=\"wp-block-group is-horizontal is-layout-flex wp-block-group-is-layout-flex\">\n<i class=\"fa fa-check-circle\" ><\/i>\n\n\n\n<p>Experiencia global en cumplimiento en diversos sectores<\/p>\n<\/div>\n\n\n\n<div class=\"wp-block-group is-horizontal is-layout-flex wp-block-group-is-layout-flex\">\n<i class=\"fa fa-check-circle\" ><\/i>\n\n\n\n<p>Integraciones API r\u00e1pidas y flexibles<\/p>\n<\/div>\n\n\n\n<div class=\"wp-block-group is-horizontal is-layout-flex wp-block-group-is-layout-flex\">\n<i class=\"fa fa-check-circle\" ><\/i>\n\n\n\n<p>Soluciones personalizadas para la gesti\u00f3n de riesgos y el crecimiento<\/p>\n<\/div>\n<\/div>\n<\/div>\n\n\n\n<div style=\"height:100px\" aria-hidden=\"true\" class=\"wp-block-spacer\"><\/div>\n<\/div>\n<\/div>\n\n\n\n<div class=\"wp-block-group alignfull has-background has-global-padding is-layout-constrained wp-block-group-is-layout-constrained\" style=\"background-color:#8ba0b57d\">\n<div style=\"height:100px\" aria-hidden=\"true\" class=\"wp-block-spacer\"><\/div>\n\n\n\n<div class=\"wp-block-columns alignwide is-layout-flex wp-container-core-columns-is-layout-28f84493 wp-block-columns-is-layout-flex\">\n<div class=\"wp-block-column is-layout-flow wp-block-column-is-layout-flow\">\n<h2 class=\"wp-block-heading alignwide has-text-align-left has-base-2-color has-text-color has-link-color wp-elements-cf59b56c7a2b36719ab11243a7bb24e0\">\u00bfTienes Preguntas? \u00a1Estamos Aqu\u00ed Para Ayudarte!<\/h2>\n\n\n\n<p class=\"has-text-align-left has-base-2-color has-text-color has-link-color wp-elements-e2ba4842fc18c43779365e700993458b\" style=\"padding-top:0;padding-bottom:0\">Si tienes alguna consulta sobre nuestros servicios, no dudes en comunicarte con nosotros.\nNuestro equipo est\u00e1 listo para ofrecerte las respuestas y el apoyo que necesites.\nTu satisfacci\u00f3n es nuestra prioridad, y estaremos encantados de ayudarte.<\/p>\n\n\n\n<div style=\"height:30px\" aria-hidden=\"true\" class=\"wp-block-spacer\"><\/div>\n\n\n\n<div class=\"wp-block-buttons is-content-justification-center is-layout-flex wp-container-core-buttons-is-layout-a89b3969 wp-block-buttons-is-layout-flex\">\n<div class=\"wp-block-button\"><a class=\"wp-block-button__link has-text-align-center wp-element-button\" style=\"border-radius:100px\">Cont\u00e1ctanos<\/a><\/div>\n<\/div>\n<\/div>\n<\/div>\n\n\n\n<div style=\"height:100px\" aria-hidden=\"true\" class=\"wp-block-spacer\"><\/div>\n<\/div>\n<\/div>","protected":false},"excerpt":{"rendered":"<p>Our Mission. Our mission is to make compliance a driver of trust and growth. We simplify complex regulations like E-ID, KYC, KYB, AML, and API integrations into clear, scalable solutions. By combining regulatory expertise with modern technology, we help businesses stay secure, adaptable, and ready for the future. Our Services. e-ID AML KYC KYB Why [&hellip;]<\/p>","protected":false},"author":1,"featured_media":0,"parent":0,"menu_order":0,"comment_status":"closed","ping_status":"closed","template":"page-no-title","meta":{"footnotes":""},"class_list":["post-24","page","type-page","status-publish","hentry"],"yoast_head":"<!-- This site is optimized with the Yoast SEO plugin v27.4 - https:\/\/yoast.com\/product\/yoast-seo-wordpress\/ -->\n<title>VikVanDan - Compliance Consulting Agency<\/title>\n<meta name=\"description\" content=\"Compliance Consulting Agency for E-ID, KYC, KYB, AML &amp; API. Simplify compliance, reduce risk, and grow your business securely.\" \/>\n<meta name=\"robots\" content=\"index, follow, max-snippet:-1, max-image-preview:large, max-video-preview:-1\" \/>\n<link rel=\"canonical\" href=\"https:\/\/vikvandan.com\/es\/\" \/>\n<meta property=\"og:locale\" content=\"es_ES\" \/>\n<meta property=\"og:type\" content=\"article\" \/>\n<meta property=\"og:title\" content=\"VikVanDan - Compliance Consulting Agency\" \/>\n<meta property=\"og:description\" content=\"Compliance Consulting Agency for E-ID, KYC, KYB, AML &amp; API. Simplify compliance, reduce risk, and grow your business securely.\" \/>\n<meta property=\"og:url\" content=\"https:\/\/vikvandan.com\/es\/\" \/>\n<meta property=\"og:site_name\" content=\"VikVanDan\" \/>\n<meta property=\"article:modified_time\" content=\"2025-10-01T20:24:07+00:00\" \/>\n<meta property=\"og:image\" content=\"https:\/\/vikvandan.com\/wp-content\/uploads\/2025\/09\/ChatGPT-Image-23-sept-2025-06_49_12-p.m.png\" \/>\n\t<meta property=\"og:image:width\" content=\"1024\" \/>\n\t<meta property=\"og:image:height\" content=\"1024\" \/>\n\t<meta property=\"og:image:type\" content=\"image\/png\" \/>\n<meta name=\"twitter:card\" content=\"summary_large_image\" \/>\n<meta name=\"twitter:label1\" content=\"Tiempo de lectura\" \/>\n\t<meta name=\"twitter:data1\" content=\"2 minutos\" \/>\n<script type=\"application\/ld+json\" class=\"yoast-schema-graph\">{\"@context\":\"https:\\\/\\\/schema.org\",\"@graph\":[{\"@type\":\"WebPage\",\"@id\":\"https:\\\/\\\/vikvandan.com\\\/\",\"url\":\"https:\\\/\\\/vikvandan.com\\\/\",\"name\":\"VikVanDan - Compliance Consulting Agency\",\"isPartOf\":{\"@id\":\"https:\\\/\\\/vikvandan.com\\\/#website\"},\"primaryImageOfPage\":{\"@id\":\"https:\\\/\\\/vikvandan.com\\\/#primaryimage\"},\"image\":{\"@id\":\"https:\\\/\\\/vikvandan.com\\\/#primaryimage\"},\"thumbnailUrl\":\"https:\\\/\\\/vikvandan.com\\\/wp-content\\\/uploads\\\/2025\\\/09\\\/ChatGPT-Image-23-sept-2025-06_49_12-p.m.png\",\"datePublished\":\"2024-06-16T12:53:25+00:00\",\"dateModified\":\"2025-10-01T20:24:07+00:00\",\"description\":\"Compliance Consulting Agency for E-ID, KYC, KYB, AML & API. Simplify compliance, reduce risk, and grow your business securely.\",\"breadcrumb\":{\"@id\":\"https:\\\/\\\/vikvandan.com\\\/#breadcrumb\"},\"inLanguage\":\"es\",\"potentialAction\":[{\"@type\":\"ReadAction\",\"target\":[\"https:\\\/\\\/vikvandan.com\\\/\"]}]},{\"@type\":\"ImageObject\",\"inLanguage\":\"es\",\"@id\":\"https:\\\/\\\/vikvandan.com\\\/#primaryimage\",\"url\":\"https:\\\/\\\/vikvandan.com\\\/wp-content\\\/uploads\\\/2025\\\/09\\\/ChatGPT-Image-23-sept-2025-06_49_12-p.m.png\",\"contentUrl\":\"https:\\\/\\\/vikvandan.com\\\/wp-content\\\/uploads\\\/2025\\\/09\\\/ChatGPT-Image-23-sept-2025-06_49_12-p.m.png\"},{\"@type\":\"BreadcrumbList\",\"@id\":\"https:\\\/\\\/vikvandan.com\\\/#breadcrumb\",\"itemListElement\":[{\"@type\":\"ListItem\",\"position\":1,\"name\":\"Home\",\"item\":\"https:\\\/\\\/vikvandan.com\\\/\"},{\"@type\":\"ListItem\",\"position\":2,\"name\":\"VikVanDan\"}]},{\"@type\":\"WebSite\",\"@id\":\"https:\\\/\\\/vikvandan.com\\\/#website\",\"url\":\"https:\\\/\\\/vikvandan.com\\\/\",\"name\":\"VikVanDan\",\"description\":\"Compliance Consulting Agency\",\"publisher\":{\"@id\":\"https:\\\/\\\/vikvandan.com\\\/#organization\"},\"potentialAction\":[{\"@type\":\"SearchAction\",\"target\":{\"@type\":\"EntryPoint\",\"urlTemplate\":\"https:\\\/\\\/vikvandan.com\\\/?s={search_term_string}\"},\"query-input\":{\"@type\":\"PropertyValueSpecification\",\"valueRequired\":true,\"valueName\":\"search_term_string\"}}],\"inLanguage\":\"es\"},{\"@type\":\"Organization\",\"@id\":\"https:\\\/\\\/vikvandan.com\\\/#organization\",\"name\":\"VikVanDan\",\"url\":\"https:\\\/\\\/vikvandan.com\\\/\",\"logo\":{\"@type\":\"ImageObject\",\"inLanguage\":\"es\",\"@id\":\"https:\\\/\\\/vikvandan.com\\\/#\\\/schema\\\/logo\\\/image\\\/\",\"url\":\"https:\\\/\\\/vikvandan.com\\\/wp-content\\\/uploads\\\/2024\\\/06\\\/LOGO-AZUL-BLANCO-4.png\",\"contentUrl\":\"https:\\\/\\\/vikvandan.com\\\/wp-content\\\/uploads\\\/2024\\\/06\\\/LOGO-AZUL-BLANCO-4.png\",\"width\":4477,\"height\":697,\"caption\":\"VikVanDan\"},\"image\":{\"@id\":\"https:\\\/\\\/vikvandan.com\\\/#\\\/schema\\\/logo\\\/image\\\/\"}}]}<\/script>\n<!-- \/ Yoast SEO plugin. -->","yoast_head_json":{"title":"VikVanDan - Compliance Consulting Agency","description":"Compliance Consulting Agency for E-ID, KYC, KYB, AML & API. Simplify compliance, reduce risk, and grow your business securely.","robots":{"index":"index","follow":"follow","max-snippet":"max-snippet:-1","max-image-preview":"max-image-preview:large","max-video-preview":"max-video-preview:-1"},"canonical":"https:\/\/vikvandan.com\/es\/","og_locale":"es_ES","og_type":"article","og_title":"VikVanDan - Compliance Consulting Agency","og_description":"Compliance Consulting Agency for E-ID, KYC, KYB, AML & API. Simplify compliance, reduce risk, and grow your business securely.","og_url":"https:\/\/vikvandan.com\/es\/","og_site_name":"VikVanDan","article_modified_time":"2025-10-01T20:24:07+00:00","og_image":[{"width":1024,"height":1024,"url":"https:\/\/vikvandan.com\/wp-content\/uploads\/2025\/09\/ChatGPT-Image-23-sept-2025-06_49_12-p.m.png","type":"image\/png"}],"twitter_card":"summary_large_image","twitter_misc":{"Tiempo de lectura":"2 minutos"},"schema":{"@context":"https:\/\/schema.org","@graph":[{"@type":"WebPage","@id":"https:\/\/vikvandan.com\/","url":"https:\/\/vikvandan.com\/","name":"VikVanDan - Compliance Consulting Agency","isPartOf":{"@id":"https:\/\/vikvandan.com\/#website"},"primaryImageOfPage":{"@id":"https:\/\/vikvandan.com\/#primaryimage"},"image":{"@id":"https:\/\/vikvandan.com\/#primaryimage"},"thumbnailUrl":"https:\/\/vikvandan.com\/wp-content\/uploads\/2025\/09\/ChatGPT-Image-23-sept-2025-06_49_12-p.m.png","datePublished":"2024-06-16T12:53:25+00:00","dateModified":"2025-10-01T20:24:07+00:00","description":"Compliance Consulting Agency for E-ID, KYC, KYB, AML & API. Simplify compliance, reduce risk, and grow your business securely.","breadcrumb":{"@id":"https:\/\/vikvandan.com\/#breadcrumb"},"inLanguage":"es","potentialAction":[{"@type":"ReadAction","target":["https:\/\/vikvandan.com\/"]}]},{"@type":"ImageObject","inLanguage":"es","@id":"https:\/\/vikvandan.com\/#primaryimage","url":"https:\/\/vikvandan.com\/wp-content\/uploads\/2025\/09\/ChatGPT-Image-23-sept-2025-06_49_12-p.m.png","contentUrl":"https:\/\/vikvandan.com\/wp-content\/uploads\/2025\/09\/ChatGPT-Image-23-sept-2025-06_49_12-p.m.png"},{"@type":"BreadcrumbList","@id":"https:\/\/vikvandan.com\/#breadcrumb","itemListElement":[{"@type":"ListItem","position":1,"name":"Home","item":"https:\/\/vikvandan.com\/"},{"@type":"ListItem","position":2,"name":"VikVanDan"}]},{"@type":"WebSite","@id":"https:\/\/vikvandan.com\/#website","url":"https:\/\/vikvandan.com\/","name":"VikVanDan","description":"Agencia de Consultor\u00eda en Cumplimiento de confianza,","publisher":{"@id":"https:\/\/vikvandan.com\/#organization"},"potentialAction":[{"@type":"SearchAction","target":{"@type":"EntryPoint","urlTemplate":"https:\/\/vikvandan.com\/?s={search_term_string}"},"query-input":{"@type":"PropertyValueSpecification","valueRequired":true,"valueName":"search_term_string"}}],"inLanguage":"es"},{"@type":"Organization","@id":"https:\/\/vikvandan.com\/#organization","name":"VikVanDan","url":"https:\/\/vikvandan.com\/","logo":{"@type":"ImageObject","inLanguage":"es","@id":"https:\/\/vikvandan.com\/#\/schema\/logo\/image\/","url":"https:\/\/vikvandan.com\/wp-content\/uploads\/2024\/06\/LOGO-AZUL-BLANCO-4.png","contentUrl":"https:\/\/vikvandan.com\/wp-content\/uploads\/2024\/06\/LOGO-AZUL-BLANCO-4.png","width":4477,"height":697,"caption":"VikVanDan"},"image":{"@id":"https:\/\/vikvandan.com\/#\/schema\/logo\/image\/"}}]}},"_links":{"self":[{"href":"https:\/\/vikvandan.com\/es\/wp-json\/wp\/v2\/pages\/24","targetHints":{"allow":["GET"]}}],"collection":[{"href":"https:\/\/vikvandan.com\/es\/wp-json\/wp\/v2\/pages"}],"about":[{"href":"https:\/\/vikvandan.com\/es\/wp-json\/wp\/v2\/types\/page"}],"author":[{"embeddable":true,"href":"https:\/\/vikvandan.com\/es\/wp-json\/wp\/v2\/users\/1"}],"replies":[{"embeddable":true,"href":"https:\/\/vikvandan.com\/es\/wp-json\/wp\/v2\/comments?post=24"}],"version-history":[{"count":129,"href":"https:\/\/vikvandan.com\/es\/wp-json\/wp\/v2\/pages\/24\/revisions"}],"predecessor-version":[{"id":761,"href":"https:\/\/vikvandan.com\/es\/wp-json\/wp\/v2\/pages\/24\/revisions\/761"}],"wp:attachment":[{"href":"https:\/\/vikvandan.com\/es\/wp-json\/wp\/v2\/media?parent=24"}],"curies":[{"name":"wp","href":"https:\/\/api.w.org\/{rel}","templated":true}]}}