{"id":28,"date":"2024-06-16T12:58:14","date_gmt":"2024-06-16T12:58:14","guid":{"rendered":"https:\/\/vikvandan.com\/?page_id=28"},"modified":"2025-09-30T12:20:03","modified_gmt":"2025-09-30T12:20:03","slug":"about-us","status":"publish","type":"page","link":"https:\/\/vikvandan.com\/es\/about-us","title":{"rendered":"ABOUT US."},"content":{"rendered":"<div class=\"wp-block-group alignfull has-global-padding is-layout-constrained wp-container-core-group-is-layout-e555385e wp-block-group-is-layout-constrained\">\n<div class=\"wp-block-cover alignfull has-parallax\" style=\"min-height:550px;aspect-ratio:unset;\"><div class=\"wp-block-cover__image-background wp-image-476 has-parallax\" style=\"background-position:50% 50%;background-image:url(https:\/\/vikvandan.com\/wp-content\/uploads\/2024\/09\/Copia-de-krakenimages-Y5bvRlcCx8k-unsplash-2.jpg)\"><\/div><span aria-hidden=\"true\" class=\"wp-block-cover__background has-background-dim\" style=\"background-color:#5d656c\"><\/span><div class=\"wp-block-cover__inner-container has-global-padding is-layout-constrained wp-block-cover-is-layout-constrained\">\n<div style=\"height:0px\" aria-hidden=\"true\" class=\"wp-block-spacer\"><\/div>\n\n\n\n<h2 class=\"wp-block-heading alignwide has-text-align-center has-base-2-color has-text-color has-link-color has-x-large-font-size wp-elements-7ac8d1af90efb82a234c52209b9fe1ae\"><strong>Lo Que Hacemos.<\/strong><\/h2>\n\n\n\n<p class=\"has-text-align-center\">Simplificamos el cumplimiento para que puedas concentrarte en el crecimiento.\nDesde <strong>KYC, KYB, AML y E-ID<\/strong> hasta integraciones <strong>API fluidas,<\/strong>dise\u00f1amos soluciones que eliminan fricciones, reducen riesgos y aceleran la incorporaci\u00f3n de clientes.\nNuestra consultor\u00eda te ayuda a mantenerte a la vanguardia de las regulaciones mientras construyes confianza con clientes y socios en todo el mundo.<\/p>\n\n\n\n<div style=\"height:65px\" aria-hidden=\"true\" class=\"wp-block-spacer\"><\/div>\n<\/div><\/div>\n\n\n\n<div class=\"wp-block-group alignfull has-global-padding is-layout-constrained wp-container-core-group-is-layout-e555385e wp-block-group-is-layout-constrained\">\n<div style=\"background-image:url(&apos;https:\/\/vikvandan.com\/wp-content\/uploads\/2025\/09\/Our-Mission-scaled.png&apos;);background-size:cover;background-attachment:scroll;\" class=\"wp-block-group alignfull has-global-padding is-layout-constrained wp-block-group-is-layout-constrained has-background\">\n<div style=\"height:100px\" aria-hidden=\"true\" class=\"wp-block-spacer\"><\/div>\n\n\n\n<div class=\"wp-block-columns alignwide is-layout-flex wp-container-core-columns-is-layout-28f84493 wp-block-columns-is-layout-flex\">\n<div class=\"wp-block-column is-layout-flow wp-block-column-is-layout-flow\" style=\"flex-basis:33.33%\">\n<h2 class=\"wp-block-heading\">Nuestra Misi\u00f3n.<\/h2>\n<\/div>\n\n\n\n<div class=\"wp-block-column is-layout-flow wp-block-column-is-layout-flow\" style=\"flex-basis:66.66%\">\n<p>Ayudamos a las empresas a convertir el cumplimiento en una ventaja competitiva.\nEn un mundo digital donde las regulaciones y los riesgos evolucionan m\u00e1s r\u00e1pido que nunca, nos especializamos en simplificar procesos complejos relacionados con APIs, KYC, KYB, AML y identidad electr\u00f3nica.\nNuestra misi\u00f3n es ofrecer soluciones escalables y preparadas para el futuro que protejan tu negocio, optimicen la incorporaci\u00f3n de clientes y generen confianza en cada interacci\u00f3n.<\/p>\n<\/div>\n<\/div>\n\n\n\n<div style=\"height:100px\" aria-hidden=\"true\" class=\"wp-block-spacer\"><\/div>\n<\/div>\n<\/div>\n\n\n\n<div class=\"wp-block-group alignfull has-base-background-color has-background has-global-padding is-layout-constrained wp-block-group-is-layout-constrained\">\n<div class=\"wp-block-group alignfull has-global-padding is-layout-constrained wp-container-core-group-is-layout-669513ed wp-block-group-is-layout-constrained\" style=\"margin-top:0;margin-bottom:0;padding-top:var(--wp--preset--spacing--50);padding-right:var(--wp--preset--spacing--50);padding-bottom:var(--wp--preset--spacing--50);padding-left:var(--wp--preset--spacing--50)\">\n<div class=\"wp-block-group alignwide has-base-2-background-color has-background has-global-padding is-layout-constrained wp-container-core-group-is-layout-a151063b wp-block-group-is-layout-constrained\" style=\"border-radius:13px;padding-top:var(--wp--preset--spacing--50);padding-right:var(--wp--preset--spacing--40);padding-bottom:var(--wp--preset--spacing--50);padding-left:var(--wp--preset--spacing--40)\">\n<h2 class=\"wp-block-heading alignwide\">Nuestros Valores.<\/h2>\n\n\n\n<div class=\"wp-block-columns alignwide is-layout-flex wp-container-core-columns-is-layout-06670bbc wp-block-columns-is-layout-flex\">\n<div class=\"wp-block-column is-layout-flow wp-block-column-is-layout-flow\" style=\"border-top-color:var(--wp--preset--color--base-2);border-top-width:1px;padding-top:var(--wp--preset--spacing--30);padding-right:var(--wp--preset--spacing--30);padding-bottom:var(--wp--preset--spacing--10);padding-left:var(--wp--preset--spacing--30)\">\n<div class=\"wp-block-stackable-icon stk-block-icon has-text-align-center stk-block stk-e6dc40b\" data-block-id=\"e6dc40b\"><style>.stk-e6dc40b .stk--svg-wrapper .stk--inner-svg svg:last-child, .stk-e6dc40b .stk--svg-wrapper .stk--inner-svg svg:last-child :is(g, path, rect, polygon, ellipse){fill:#2c404a !important;}<\/style><span class=\"stk--svg-wrapper\"><div class=\"stk--inner-svg\"><svg style=\"height:0;width:0\"><defs><lineargradient id=\"linear-gradient-e6dc40b\" x1=\"0\" x2=\"100%\" y1=\"0\" y2=\"0\"><stop offset=\"0%\" style=\"stop-opacity:1;stop-color:var(--linear-gradient-e-6-dc-40-b-color-1)\"><\/stop><stop offset=\"100%\" style=\"stop-opacity:1;stop-color:var(--linear-gradient-e-6-dc-40-b-color-2)\"><\/stop><\/lineargradient><\/defs><\/svg><svg xmlns=\"http:\/\/www.w3.org\/2000\/svg\" viewbox=\"0 0 448 512\" aria-hidden=\"true\" width=\"32\" height=\"32\"><path d=\"M438.6 105.4c12.5 12.5 12.5 32.8 0 45.3l-256 256c-12.5 12.5-32.8 12.5-45.3 0l-128-128c-12.5-12.5-12.5-32.8 0-45.3s32.8-12.5 45.3 0L160 338.7 393.4 105.4c12.5-12.5 32.8-12.5 45.3 0z\"><\/path><\/svg><\/div><\/span><\/div>\n\n\n\n<h5 class=\"wp-block-heading has-text-align-center has-medium-font-size\"><strong>Confianza Primero<\/strong><\/h5>\n\n\n\n<div style=\"height:28px\" aria-hidden=\"true\" class=\"wp-block-spacer\"><\/div>\n\n\n\n<p class=\"has-text-align-center\">Cada soluci\u00f3n que ofrecemos est\u00e1 dise\u00f1ada para fortalecer la transparencia y la confianza en las interacciones digitales.<br><\/p>\n<\/div>\n\n\n\n<div class=\"wp-block-column is-layout-flow wp-block-column-is-layout-flow\" style=\"border-top-color:var(--wp--preset--color--base-2);border-top-width:1px;padding-top:var(--wp--preset--spacing--30);padding-right:var(--wp--preset--spacing--30);padding-bottom:var(--wp--preset--spacing--10);padding-left:var(--wp--preset--spacing--30)\">\n<div class=\"wp-block-stackable-icon stk-block-icon has-text-align-center stk-block stk-7e5241e\" data-block-id=\"7e5241e\"><style>.stk-7e5241e .stk--svg-wrapper .stk--inner-svg svg:last-child, .stk-7e5241e .stk--svg-wrapper .stk--inner-svg svg:last-child :is(g, path, rect, polygon, ellipse){fill:#2c404a !important;}<\/style><span class=\"stk--svg-wrapper\"><div class=\"stk--inner-svg\"><svg style=\"height:0;width:0\"><defs><lineargradient id=\"linear-gradient-7e5241e\" x1=\"0\" x2=\"100%\" y1=\"0\" y2=\"0\"><stop offset=\"0%\" style=\"stop-opacity:1;stop-color:var(--linear-gradient-7-e-5241-e-color-1)\"><\/stop><stop offset=\"100%\" style=\"stop-opacity:1;stop-color:var(--linear-gradient-7-e-5241-e-color-2)\"><\/stop><\/lineargradient><\/defs><\/svg><svg xmlns=\"http:\/\/www.w3.org\/2000\/svg\" viewbox=\"0 0 448 512\" aria-hidden=\"true\" width=\"32\" height=\"32\"><path d=\"M438.6 105.4c12.5 12.5 12.5 32.8 0 45.3l-256 256c-12.5 12.5-32.8 12.5-45.3 0l-128-128c-12.5-12.5-12.5-32.8 0-45.3s32.8-12.5 45.3 0L160 338.7 393.4 105.4c12.5-12.5 32.8-12.5 45.3 0z\"><\/path><\/svg><\/div><\/span><\/div>\n\n\n\n<h5 class=\"wp-block-heading has-text-align-center has-medium-font-size\"><strong>Simplicidad en la Complejidad<\/strong><\/h5>\n\n\n\n<div style=\"height:9px\" aria-hidden=\"true\" class=\"wp-block-spacer\"><\/div>\n\n\n\n<p class=\"has-text-align-center\">Convertimos la complejidad normativa en soluciones claras y pr\u00e1cticas que permiten a las empresas crecer con seguridad.<br><\/p>\n<\/div>\n\n\n\n<div class=\"wp-block-column is-layout-flow wp-block-column-is-layout-flow\" style=\"border-top-color:var(--wp--preset--color--base-2);border-top-width:1px;padding-top:var(--wp--preset--spacing--30);padding-right:var(--wp--preset--spacing--30);padding-bottom:var(--wp--preset--spacing--10);padding-left:var(--wp--preset--spacing--30)\">\n<div class=\"wp-block-stackable-icon stk-block-icon has-text-align-center stk-block stk-7880fd3\" data-block-id=\"7880fd3\"><style>.stk-7880fd3 .stk--svg-wrapper .stk--inner-svg svg:last-child, .stk-7880fd3 .stk--svg-wrapper .stk--inner-svg svg:last-child :is(g, path, rect, polygon, ellipse){fill:#2c404a !important;}<\/style><span class=\"stk--svg-wrapper\"><div class=\"stk--inner-svg\"><svg style=\"height:0;width:0\"><defs><lineargradient id=\"linear-gradient-7880fd3\" x1=\"0\" x2=\"100%\" y1=\"0\" y2=\"0\"><stop offset=\"0%\" style=\"stop-opacity:1;stop-color:var(--linear-gradient-7880-fd-3-color-1)\"><\/stop><stop offset=\"100%\" style=\"stop-opacity:1;stop-color:var(--linear-gradient-7880-fd-3-color-2)\"><\/stop><\/lineargradient><\/defs><\/svg><svg xmlns=\"http:\/\/www.w3.org\/2000\/svg\" viewbox=\"0 0 448 512\" aria-hidden=\"true\" width=\"32\" height=\"32\"><path d=\"M438.6 105.4c12.5 12.5 12.5 32.8 0 45.3l-256 256c-12.5 12.5-32.8 12.5-45.3 0l-128-128c-12.5-12.5-12.5-32.8 0-45.3s32.8-12.5 45.3 0L160 338.7 393.4 105.4c12.5-12.5 32.8-12.5 45.3 0z\"><\/path><\/svg><\/div><\/span><\/div>\n\n\n\n<h5 class=\"wp-block-heading has-text-align-center has-medium-font-size\"><strong>Preparado Para el Futuro<\/strong><\/h5>\n\n\n\n<div style=\"height:11px\" aria-hidden=\"true\" class=\"wp-block-spacer\"><\/div>\n\n\n\n<p class=\"has-text-align-center\">El cumplimiento no es est\u00e1tico. Dise\u00f1amos marcos adaptativos que evolucionan junto con la tecnolog\u00eda, las regulaciones y las necesidades del mercado.<br><\/p>\n<\/div>\n\n\n\n<div class=\"wp-block-column is-layout-flow wp-block-column-is-layout-flow\" style=\"border-top-color:var(--wp--preset--color--base-2);border-top-width:1px;padding-top:var(--wp--preset--spacing--30);padding-right:var(--wp--preset--spacing--30);padding-bottom:var(--wp--preset--spacing--10);padding-left:var(--wp--preset--spacing--30)\">\n<div class=\"wp-block-stackable-icon stk-block-icon has-text-align-center stk-block stk-67ae076\" data-block-id=\"67ae076\"><style>.stk-67ae076 .stk--svg-wrapper .stk--inner-svg svg:last-child, .stk-67ae076 .stk--svg-wrapper .stk--inner-svg svg:last-child :is(g, path, rect, polygon, ellipse){fill:#2c404a !important;}<\/style><span class=\"stk--svg-wrapper\"><div class=\"stk--inner-svg\"><svg style=\"height:0;width:0\"><defs><lineargradient id=\"linear-gradient-67ae076\" x1=\"0\" x2=\"100%\" y1=\"0\" y2=\"0\"><stop offset=\"0%\" style=\"stop-opacity:1;stop-color:var(--linear-gradient-67-ae-076-color-1)\"><\/stop><stop offset=\"100%\" style=\"stop-opacity:1;stop-color:var(--linear-gradient-67-ae-076-color-2)\"><\/stop><\/lineargradient><\/defs><\/svg><svg xmlns=\"http:\/\/www.w3.org\/2000\/svg\" viewbox=\"0 0 448 512\" aria-hidden=\"true\" width=\"32\" height=\"32\"><path d=\"M438.6 105.4c12.5 12.5 12.5 32.8 0 45.3l-256 256c-12.5 12.5-32.8 12.5-45.3 0l-128-128c-12.5-12.5-12.5-32.8 0-45.3s32.8-12.5 45.3 0L160 338.7 393.4 105.4c12.5-12.5 32.8-12.5 45.3 0z\"><\/path><\/svg><\/div><\/span><\/div>\n\n\n\n<h5 class=\"wp-block-heading has-text-align-center has-medium-font-size\"><strong>Integridad Siempre<\/strong><\/h5>\n\n\n\n<div style=\"height:9px\" aria-hidden=\"true\" class=\"wp-block-spacer\"><\/div>\n\n\n\n<p class=\"has-text-align-center\">Defendemos un cumplimiento \u00e9tico, seguro y confiable, sin atajos.<\/p>\n<\/div>\n\n\n\n<div class=\"wp-block-column is-layout-flow wp-block-column-is-layout-flow\" style=\"border-top-color:var(--wp--preset--color--base-2);border-top-width:1px;padding-top:var(--wp--preset--spacing--30);padding-right:var(--wp--preset--spacing--30);padding-bottom:var(--wp--preset--spacing--10);padding-left:var(--wp--preset--spacing--30)\">\n<div class=\"wp-block-stackable-icon stk-block-icon has-text-align-center stk-block stk-7fac295\" data-block-id=\"7fac295\"><style>.stk-7fac295 .stk--svg-wrapper .stk--inner-svg svg:last-child, .stk-7fac295 .stk--svg-wrapper .stk--inner-svg svg:last-child :is(g, path, rect, polygon, ellipse){fill:#2c404a !important;}<\/style><span class=\"stk--svg-wrapper\"><div class=\"stk--inner-svg\"><svg style=\"height:0;width:0\"><defs><lineargradient id=\"linear-gradient-7fac295\" x1=\"0\" x2=\"100%\" y1=\"0\" y2=\"0\"><stop offset=\"0%\" style=\"stop-opacity:1;stop-color:var(--linear-gradient-7-fac-295-color-1)\"><\/stop><stop offset=\"100%\" style=\"stop-opacity:1;stop-color:var(--linear-gradient-7-fac-295-color-2)\"><\/stop><\/lineargradient><\/defs><\/svg><svg xmlns=\"http:\/\/www.w3.org\/2000\/svg\" viewbox=\"0 0 448 512\" aria-hidden=\"true\" width=\"32\" height=\"32\"><path d=\"M438.6 105.4c12.5 12.5 12.5 32.8 0 45.3l-256 256c-12.5 12.5-32.8 12.5-45.3 0l-128-128c-12.5-12.5-12.5-32.8 0-45.3s32.8-12.5 45.3 0L160 338.7 393.4 105.4c12.5-12.5 32.8-12.5 45.3 0z\"><\/path><\/svg><\/div><\/span><\/div>\n\n\n\n<h5 class=\"wp-block-heading has-text-align-center has-medium-font-size\"><strong>La colaboraci\u00f3n en el centro<\/strong><\/h5>\n\n\n\n<div style=\"height:9px\" aria-hidden=\"true\" class=\"wp-block-spacer\"><\/div>\n\n\n\n<p class=\"has-text-align-center\">Nos consideramos parte de tu equipo, alineando nuestra experiencia con tus objetivos para lograr un \u00e9xito sostenible a largo plazo.<\/p>\n<\/div>\n<\/div>\n<\/div>\n<\/div>\n<\/div>\n<\/div>\n\n\n\n<div class=\"wp-block-group alignfull has-background has-global-padding is-layout-constrained wp-block-group-is-layout-constrained\" style=\"background-color:#8ba0b57d\">\n<div style=\"height:100px\" aria-hidden=\"true\" class=\"wp-block-spacer\"><\/div>\n\n\n\n<div class=\"wp-block-columns alignwide is-layout-flex wp-container-core-columns-is-layout-28f84493 wp-block-columns-is-layout-flex\">\n<div class=\"wp-block-column is-layout-flow wp-block-column-is-layout-flow\">\n<h2 class=\"wp-block-heading alignwide has-text-align-left has-base-2-color has-text-color has-link-color wp-elements-cf59b56c7a2b36719ab11243a7bb24e0\">\u00bfTienes Preguntas? \u00a1Estamos Aqu\u00ed Para Ayudarte!<\/h2>\n\n\n\n<p class=\"has-text-align-left has-base-2-color has-text-color has-link-color wp-elements-c3f6a3fda13910bd9fbe2c1aabc64f0f\">Si tienes alguna consulta sobre nuestros servicios, no dudes en comunicarte con nosotros.\nNuestro equipo est\u00e1 listo para ofrecerte las respuestas y el apoyo que necesites.\nTu satisfacci\u00f3n es nuestra prioridad, y estaremos encantados de ayudarte.<\/p>\n\n\n\n<div style=\"height:30px\" aria-hidden=\"true\" class=\"wp-block-spacer\"><\/div>\n\n\n\n<div class=\"wp-block-buttons is-content-justification-center is-layout-flex wp-container-core-buttons-is-layout-a89b3969 wp-block-buttons-is-layout-flex\">\n<div class=\"wp-block-button\"><a class=\"wp-block-button__link has-text-align-center wp-element-button\" style=\"border-radius:100px\">Cont\u00e1ctanos<\/a><\/div>\n<\/div>\n<\/div>\n<\/div>\n\n\n\n<div style=\"height:100px\" aria-hidden=\"true\" class=\"wp-block-spacer\"><\/div>\n<\/div>","protected":false},"excerpt":{"rendered":"<p>Our Mission. We help businesses turn compliance into a competitive advantage. In a digital world where regulations and risks evolve faster than ever, we specialize in simplifying complex processes around APIs, KYC, KYB, AML, and electronic identity. Our mission is to provide scalable, future-ready solutions that protect your business, streamline onboarding, and build trust with [&hellip;]<\/p>","protected":false},"author":1,"featured_media":0,"parent":0,"menu_order":0,"comment_status":"closed","ping_status":"closed","template":"page-no-title","meta":{"footnotes":""},"class_list":["post-28","page","type-page","status-publish","hentry"],"yoast_head":"<!-- This site is optimized with the Yoast SEO plugin v27.4 - https:\/\/yoast.com\/product\/yoast-seo-wordpress\/ -->\n<title>About us - VikVanDan<\/title>\n<meta name=\"description\" content=\"About Us: Discover how our IT consulting agency provides tailored solutions to meet your unique business needs and drive digital success.\" \/>\n<meta name=\"robots\" content=\"index, follow, max-snippet:-1, max-image-preview:large, max-video-preview:-1\" \/>\n<link rel=\"canonical\" href=\"https:\/\/vikvandan.com\/es\/about-us\/\" \/>\n<meta property=\"og:locale\" content=\"es_ES\" \/>\n<meta property=\"og:type\" content=\"article\" \/>\n<meta property=\"og:title\" content=\"About us - VikVanDan\" \/>\n<meta property=\"og:description\" content=\"About Us: Discover how our IT consulting agency provides tailored solutions to meet your unique business needs and drive digital success.\" \/>\n<meta property=\"og:url\" content=\"https:\/\/vikvandan.com\/es\/about-us\/\" \/>\n<meta property=\"og:site_name\" content=\"VikVanDan\" \/>\n<meta property=\"article:modified_time\" content=\"2025-09-30T12:20:03+00:00\" \/>\n<meta property=\"og:image\" content=\"https:\/\/vikvandan.com\/wp-content\/uploads\/2024\/06\/LOGO-AZUL-CELESTE-2.png\" \/>\n\t<meta property=\"og:image:width\" content=\"4477\" \/>\n\t<meta property=\"og:image:height\" content=\"697\" \/>\n\t<meta property=\"og:image:type\" content=\"image\/png\" \/>\n<meta name=\"twitter:card\" content=\"summary_large_image\" \/>\n<meta name=\"twitter:label1\" content=\"Tiempo de lectura\" \/>\n\t<meta name=\"twitter:data1\" content=\"2 minutos\" \/>\n<script type=\"application\/ld+json\" class=\"yoast-schema-graph\">{\"@context\":\"https:\\\/\\\/schema.org\",\"@graph\":[{\"@type\":\"WebPage\",\"@id\":\"https:\\\/\\\/vikvandan.com\\\/about-us\",\"url\":\"https:\\\/\\\/vikvandan.com\\\/about-us\",\"name\":\"About us - VikVanDan\",\"isPartOf\":{\"@id\":\"https:\\\/\\\/vikvandan.com\\\/#website\"},\"datePublished\":\"2024-06-16T12:58:14+00:00\",\"dateModified\":\"2025-09-30T12:20:03+00:00\",\"description\":\"About Us: Discover how our IT consulting agency provides tailored solutions to meet your unique business needs and drive digital success.\",\"breadcrumb\":{\"@id\":\"https:\\\/\\\/vikvandan.com\\\/about-us#breadcrumb\"},\"inLanguage\":\"es\",\"potentialAction\":[{\"@type\":\"ReadAction\",\"target\":[\"https:\\\/\\\/vikvandan.com\\\/about-us\"]}]},{\"@type\":\"BreadcrumbList\",\"@id\":\"https:\\\/\\\/vikvandan.com\\\/about-us#breadcrumb\",\"itemListElement\":[{\"@type\":\"ListItem\",\"position\":1,\"name\":\"Home\",\"item\":\"https:\\\/\\\/vikvandan.com\\\/\"},{\"@type\":\"ListItem\",\"position\":2,\"name\":\"ABOUT US.\"}]},{\"@type\":\"WebSite\",\"@id\":\"https:\\\/\\\/vikvandan.com\\\/#website\",\"url\":\"https:\\\/\\\/vikvandan.com\\\/\",\"name\":\"VikVanDan\",\"description\":\"Compliance Consulting Agency\",\"publisher\":{\"@id\":\"https:\\\/\\\/vikvandan.com\\\/#organization\"},\"potentialAction\":[{\"@type\":\"SearchAction\",\"target\":{\"@type\":\"EntryPoint\",\"urlTemplate\":\"https:\\\/\\\/vikvandan.com\\\/?s={search_term_string}\"},\"query-input\":{\"@type\":\"PropertyValueSpecification\",\"valueRequired\":true,\"valueName\":\"search_term_string\"}}],\"inLanguage\":\"es\"},{\"@type\":\"Organization\",\"@id\":\"https:\\\/\\\/vikvandan.com\\\/#organization\",\"name\":\"VikVanDan\",\"url\":\"https:\\\/\\\/vikvandan.com\\\/\",\"logo\":{\"@type\":\"ImageObject\",\"inLanguage\":\"es\",\"@id\":\"https:\\\/\\\/vikvandan.com\\\/#\\\/schema\\\/logo\\\/image\\\/\",\"url\":\"https:\\\/\\\/vikvandan.com\\\/wp-content\\\/uploads\\\/2024\\\/06\\\/LOGO-AZUL-BLANCO-4.png\",\"contentUrl\":\"https:\\\/\\\/vikvandan.com\\\/wp-content\\\/uploads\\\/2024\\\/06\\\/LOGO-AZUL-BLANCO-4.png\",\"width\":4477,\"height\":697,\"caption\":\"VikVanDan\"},\"image\":{\"@id\":\"https:\\\/\\\/vikvandan.com\\\/#\\\/schema\\\/logo\\\/image\\\/\"}}]}<\/script>\n<!-- \/ Yoast SEO plugin. -->","yoast_head_json":{"title":"About us - VikVanDan","description":"About Us: Discover how our IT consulting agency provides tailored solutions to meet your unique business needs and drive digital success.","robots":{"index":"index","follow":"follow","max-snippet":"max-snippet:-1","max-image-preview":"max-image-preview:large","max-video-preview":"max-video-preview:-1"},"canonical":"https:\/\/vikvandan.com\/es\/about-us\/","og_locale":"es_ES","og_type":"article","og_title":"About us - VikVanDan","og_description":"About Us: Discover how our IT consulting agency provides tailored solutions to meet your unique business needs and drive digital success.","og_url":"https:\/\/vikvandan.com\/es\/about-us\/","og_site_name":"VikVanDan","article_modified_time":"2025-09-30T12:20:03+00:00","og_image":[{"width":4477,"height":697,"url":"https:\/\/vikvandan.com\/wp-content\/uploads\/2024\/06\/LOGO-AZUL-CELESTE-2.png","type":"image\/png"}],"twitter_card":"summary_large_image","twitter_misc":{"Tiempo de lectura":"2 minutos"},"schema":{"@context":"https:\/\/schema.org","@graph":[{"@type":"WebPage","@id":"https:\/\/vikvandan.com\/about-us","url":"https:\/\/vikvandan.com\/about-us","name":"About us - VikVanDan","isPartOf":{"@id":"https:\/\/vikvandan.com\/#website"},"datePublished":"2024-06-16T12:58:14+00:00","dateModified":"2025-09-30T12:20:03+00:00","description":"About Us: Discover how our IT consulting agency provides tailored solutions to meet your unique business needs and drive digital success.","breadcrumb":{"@id":"https:\/\/vikvandan.com\/about-us#breadcrumb"},"inLanguage":"es","potentialAction":[{"@type":"ReadAction","target":["https:\/\/vikvandan.com\/about-us"]}]},{"@type":"BreadcrumbList","@id":"https:\/\/vikvandan.com\/about-us#breadcrumb","itemListElement":[{"@type":"ListItem","position":1,"name":"Home","item":"https:\/\/vikvandan.com\/"},{"@type":"ListItem","position":2,"name":"ABOUT US."}]},{"@type":"WebSite","@id":"https:\/\/vikvandan.com\/#website","url":"https:\/\/vikvandan.com\/","name":"VikVanDan","description":"Agencia de Consultor\u00eda en Cumplimiento de confianza,","publisher":{"@id":"https:\/\/vikvandan.com\/#organization"},"potentialAction":[{"@type":"SearchAction","target":{"@type":"EntryPoint","urlTemplate":"https:\/\/vikvandan.com\/?s={search_term_string}"},"query-input":{"@type":"PropertyValueSpecification","valueRequired":true,"valueName":"search_term_string"}}],"inLanguage":"es"},{"@type":"Organization","@id":"https:\/\/vikvandan.com\/#organization","name":"VikVanDan","url":"https:\/\/vikvandan.com\/","logo":{"@type":"ImageObject","inLanguage":"es","@id":"https:\/\/vikvandan.com\/#\/schema\/logo\/image\/","url":"https:\/\/vikvandan.com\/wp-content\/uploads\/2024\/06\/LOGO-AZUL-BLANCO-4.png","contentUrl":"https:\/\/vikvandan.com\/wp-content\/uploads\/2024\/06\/LOGO-AZUL-BLANCO-4.png","width":4477,"height":697,"caption":"VikVanDan"},"image":{"@id":"https:\/\/vikvandan.com\/#\/schema\/logo\/image\/"}}]}},"_links":{"self":[{"href":"https:\/\/vikvandan.com\/es\/wp-json\/wp\/v2\/pages\/28","targetHints":{"allow":["GET"]}}],"collection":[{"href":"https:\/\/vikvandan.com\/es\/wp-json\/wp\/v2\/pages"}],"about":[{"href":"https:\/\/vikvandan.com\/es\/wp-json\/wp\/v2\/types\/page"}],"author":[{"embeddable":true,"href":"https:\/\/vikvandan.com\/es\/wp-json\/wp\/v2\/users\/1"}],"replies":[{"embeddable":true,"href":"https:\/\/vikvandan.com\/es\/wp-json\/wp\/v2\/comments?post=28"}],"version-history":[{"count":156,"href":"https:\/\/vikvandan.com\/es\/wp-json\/wp\/v2\/pages\/28\/revisions"}],"predecessor-version":[{"id":720,"href":"https:\/\/vikvandan.com\/es\/wp-json\/wp\/v2\/pages\/28\/revisions\/720"}],"wp:attachment":[{"href":"https:\/\/vikvandan.com\/es\/wp-json\/wp\/v2\/media?parent=28"}],"curies":[{"name":"wp","href":"https:\/\/api.w.org\/{rel}","templated":true}]}}