{"id":3,"date":"2024-06-13T08:07:20","date_gmt":"2024-06-13T08:07:20","guid":{"rendered":"http:\/\/vikvandan.live-website.com\/?page_id=3"},"modified":"2024-09-10T16:12:32","modified_gmt":"2024-09-10T16:12:32","slug":"privacy-policy","status":"publish","type":"page","link":"https:\/\/vikvandan.com\/es\/privacy-policy","title":{"rendered":"Pol\u00edtica de Privacidad"},"content":{"rendered":"<h2 class=\"wp-block-heading\">Quienes somos<\/h2>\n\n\n\n<p>La direcci\u00f3n de nuestro sitio web es: https:\/\/vikvandan.com.<\/p>\n\n\n\n<h2 class=\"wp-block-heading\">Comentarios<\/h2>\n\n\n\n<p>Cuando los visitantes dejan comentarios en el sitio, recopilamos los datos que se muestran en el formulario de comentarios, as\u00ed como la direcci\u00f3n IP del visitante y la cadena del agente de usuario del navegador, para ayudar en la detecci\u00f3n de spam.<\/p>\n\n\n\n<p>Se puede proporcionar una cadena anonimizada creada a partir de tu direcci\u00f3n de correo electr\u00f3nico (tambi\u00e9n llamada hash) al servicio Gravatar para comprobar si lo est\u00e1s utilizando. La pol\u00edtica de privacidad de Gravatar est\u00e1 disponible aqu\u00ed: https:\/\/automattic.com\/privacy\/.\nDespu\u00e9s de que se apruebe tu comentario, tu imagen de perfil ser\u00e1 visible p\u00fablicamente junto al contenido de tu comentario.<\/p>\n\n\n\n<h2 class=\"wp-block-heading\">Medios<\/h2>\n\n\n\n<p>Si subes im\u00e1genes al sitio web, debes evitar subir im\u00e1genes que contengan datos de ubicaci\u00f3n incrustados (EXIF GPS). Los visitantes del sitio web pueden descargar y extraer cualquier dato de ubicaci\u00f3n de las im\u00e1genes publicadas.<\/p>\n\n\n\n<h2 class=\"wp-block-heading\">Cookies<\/h2>\n\n\n\n<p>Si dejas un comentario en nuestro sitio, puedes optar por guardar tu nombre, direcci\u00f3n de correo electr\u00f3nico y sitio web en cookies. Esto es para tu comodidad, de modo que no tengas que volver a ingresar tus datos al dejar otro comentario. Estas cookies permanecer\u00e1n durante un a\u00f1o.<\/p>\n\n\n\n<p>Si visitas nuestra p\u00e1gina de inicio de sesi\u00f3n, estableceremos una cookie temporal para determinar si tu navegador acepta cookies. Esta cookie no contiene datos personales y se elimina al cerrar el navegador.<\/p>\n\n\n\n<p>Cuando inicies sesi\u00f3n, tambi\u00e9n estableceremos varias cookies para guardar tu informaci\u00f3n de inicio de sesi\u00f3n y tus preferencias de visualizaci\u00f3n.\nLas cookies de inicio de sesi\u00f3n duran dos d\u00edas, y las cookies de opciones de pantalla duran un a\u00f1o. Si seleccionas \u201cRecu\u00e9rdame\u201d, tu sesi\u00f3n se mantendr\u00e1 durante dos semanas. Si cierras sesi\u00f3n en tu cuenta, las cookies de inicio de sesi\u00f3n se eliminar\u00e1n.<\/p>\n\n\n\n<p>Si editas o publicas un art\u00edculo, se guardar\u00e1 una cookie adicional en tu navegador. Esta cookie no contiene datos personales y solo indica el ID del art\u00edculo que acabas de editar. Expira despu\u00e9s de 1 d\u00eda.<\/p>\n\n\n\n<h2 class=\"wp-block-heading\">Contenido incrustado de otros sitios web<\/h2>\n\n\n\n<p>Los art\u00edculos en este sitio pueden incluir contenido incrustado (por ejemplo, videos, im\u00e1genes, art\u00edculos, etc.). El contenido incrustado de otros sitios web se comporta de la misma manera que si el visitante hubiera visitado directamente ese otro sitio web.<\/p>\n\n\n\n<p>Estos sitios web pueden recopilar datos sobre ti, utilizar cookies, incrustar seguimiento de terceros adicional y monitorear tu interacci\u00f3n con ese contenido incrustado, incluso registrando tu actividad si tienes una cuenta y has iniciado sesi\u00f3n en ese sitio web.<\/p>\n\n\n\n<h2 class=\"wp-block-heading\">Con qui\u00e9n compartimos tus datos<\/h2>\n\n\n\n<p>Si solicitas restablecer tu contrase\u00f1a, tu direcci\u00f3n IP se incluir\u00e1 en el correo electr\u00f3nico de restablecimiento.<\/p>\n\n\n\n<h2 class=\"wp-block-heading\">Cu\u00e1nto tiempo conservamos tus datos<\/h2>\n\n\n\n<p>Si dejas un comentario, el comentario y sus metadatos se conservan de forma indefinida. Esto nos permite reconocer y aprobar autom\u00e1ticamente cualquier comentario de seguimiento, en lugar de mantenerlo en una cola de moderaci\u00f3n.<\/p>\n\n\n\n<p>Para los usuarios que se registren en nuestro sitio web (si los hay), tambi\u00e9n almacenamos la informaci\u00f3n personal que proporcionen en su perfil de usuario. Todos los usuarios pueden ver, editar o eliminar su informaci\u00f3n personal en cualquier momento (excepto que no pueden cambiar su nombre de usuario). Los administradores del sitio web tambi\u00e9n pueden ver y editar esa informaci\u00f3n.<\/p>\n\n\n\n<h2 class=\"wp-block-heading\">Qu\u00e9 derechos tienes sobre tus datos<\/h2>\n\n\n\n<p>Si tienes una cuenta en este sitio o has dejado comentarios, puedes solicitar recibir un archivo exportado con los datos personales que tenemos sobre ti, incluidos los datos que nos hayas proporcionado. Tambi\u00e9n puedes solicitar que eliminemos cualquier dato personal que tengamos sobre ti. Esto no incluye los datos que estamos obligados a conservar por motivos administrativos, legales o de seguridad.<\/p>\n\n\n\n<h2 class=\"wp-block-heading\">A d\u00f3nde se env\u00edan tus datos<\/h2>\n\n\n\n<p>Los comentarios de los visitantes pueden ser verificados mediante un servicio automatizado de detecci\u00f3n de spam.<\/p>","protected":false},"excerpt":{"rendered":"<p>Who we are Our website address is: https:\/\/vikvandan.com. Comments When visitors leave comments on the site we collect the data shown in the comments form, and also the visitor\u2019s IP address and browser user agent string to help spam detection. An anonymized string created from your email address (also called a hash) may be provided [&hellip;]<\/p>","protected":false},"author":1,"featured_media":0,"parent":0,"menu_order":0,"comment_status":"closed","ping_status":"open","template":"","meta":{"footnotes":""},"class_list":["post-3","page","type-page","status-publish","hentry"],"yoast_head":"<!-- This site is optimized with the Yoast SEO plugin v27.4 - https:\/\/yoast.com\/product\/yoast-seo-wordpress\/ -->\n<title>Privacy Policy. - VikVanDan<\/title>\n<meta name=\"description\" content=\"Explore VikVanDan&#039;s Privacy Policy to learn how we collect, use, and protect your personal information while safeguarding your privacy.\" \/>\n<meta name=\"robots\" content=\"index, follow, max-snippet:-1, max-image-preview:large, max-video-preview:-1\" \/>\n<link rel=\"canonical\" href=\"https:\/\/vikvandan.com\/es\/privacy-policy\/\" \/>\n<meta property=\"og:locale\" content=\"es_ES\" \/>\n<meta property=\"og:type\" content=\"article\" \/>\n<meta property=\"og:title\" content=\"Privacy Policy. - VikVanDan\" \/>\n<meta property=\"og:description\" content=\"Explore VikVanDan&#039;s Privacy Policy to learn how we collect, use, and protect your personal information while safeguarding your privacy.\" \/>\n<meta property=\"og:url\" content=\"https:\/\/vikvandan.com\/es\/privacy-policy\/\" \/>\n<meta property=\"og:site_name\" content=\"VikVanDan\" \/>\n<meta property=\"article:modified_time\" content=\"2024-09-10T16:12:32+00:00\" \/>\n<meta property=\"og:image\" content=\"https:\/\/vikvandan.com\/wp-content\/uploads\/2024\/06\/LOGO-AZUL-CELESTE-2.png\" \/>\n\t<meta property=\"og:image:width\" content=\"4477\" \/>\n\t<meta property=\"og:image:height\" content=\"697\" \/>\n\t<meta property=\"og:image:type\" content=\"image\/png\" \/>\n<meta name=\"twitter:card\" content=\"summary_large_image\" \/>\n<meta name=\"twitter:label1\" content=\"Tiempo de lectura\" \/>\n\t<meta name=\"twitter:data1\" content=\"3 minutos\" \/>\n<script type=\"application\/ld+json\" class=\"yoast-schema-graph\">{\"@context\":\"https:\\\/\\\/schema.org\",\"@graph\":[{\"@type\":\"WebPage\",\"@id\":\"https:\\\/\\\/vikvandan.com\\\/privacy-policy\",\"url\":\"https:\\\/\\\/vikvandan.com\\\/privacy-policy\",\"name\":\"Privacy Policy. - VikVanDan\",\"isPartOf\":{\"@id\":\"https:\\\/\\\/vikvandan.com\\\/#website\"},\"datePublished\":\"2024-06-13T08:07:20+00:00\",\"dateModified\":\"2024-09-10T16:12:32+00:00\",\"description\":\"Explore VikVanDan's Privacy Policy to learn how we collect, use, and protect your personal information while safeguarding your privacy.\",\"breadcrumb\":{\"@id\":\"https:\\\/\\\/vikvandan.com\\\/privacy-policy#breadcrumb\"},\"inLanguage\":\"es\",\"potentialAction\":[{\"@type\":\"ReadAction\",\"target\":[\"https:\\\/\\\/vikvandan.com\\\/privacy-policy\"]}]},{\"@type\":\"BreadcrumbList\",\"@id\":\"https:\\\/\\\/vikvandan.com\\\/privacy-policy#breadcrumb\",\"itemListElement\":[{\"@type\":\"ListItem\",\"position\":1,\"name\":\"Home\",\"item\":\"https:\\\/\\\/vikvandan.com\\\/\"},{\"@type\":\"ListItem\",\"position\":2,\"name\":\"Privacy Policy.\"}]},{\"@type\":\"WebSite\",\"@id\":\"https:\\\/\\\/vikvandan.com\\\/#website\",\"url\":\"https:\\\/\\\/vikvandan.com\\\/\",\"name\":\"VikVanDan\",\"description\":\"Compliance Consulting Agency\",\"publisher\":{\"@id\":\"https:\\\/\\\/vikvandan.com\\\/#organization\"},\"potentialAction\":[{\"@type\":\"SearchAction\",\"target\":{\"@type\":\"EntryPoint\",\"urlTemplate\":\"https:\\\/\\\/vikvandan.com\\\/?s={search_term_string}\"},\"query-input\":{\"@type\":\"PropertyValueSpecification\",\"valueRequired\":true,\"valueName\":\"search_term_string\"}}],\"inLanguage\":\"es\"},{\"@type\":\"Organization\",\"@id\":\"https:\\\/\\\/vikvandan.com\\\/#organization\",\"name\":\"VikVanDan\",\"url\":\"https:\\\/\\\/vikvandan.com\\\/\",\"logo\":{\"@type\":\"ImageObject\",\"inLanguage\":\"es\",\"@id\":\"https:\\\/\\\/vikvandan.com\\\/#\\\/schema\\\/logo\\\/image\\\/\",\"url\":\"https:\\\/\\\/vikvandan.com\\\/wp-content\\\/uploads\\\/2024\\\/06\\\/LOGO-AZUL-BLANCO-4.png\",\"contentUrl\":\"https:\\\/\\\/vikvandan.com\\\/wp-content\\\/uploads\\\/2024\\\/06\\\/LOGO-AZUL-BLANCO-4.png\",\"width\":4477,\"height\":697,\"caption\":\"VikVanDan\"},\"image\":{\"@id\":\"https:\\\/\\\/vikvandan.com\\\/#\\\/schema\\\/logo\\\/image\\\/\"}}]}<\/script>\n<!-- \/ Yoast SEO plugin. -->","yoast_head_json":{"title":"Privacy Policy. - VikVanDan","description":"Explore VikVanDan's Privacy Policy to learn how we collect, use, and protect your personal information while safeguarding your privacy.","robots":{"index":"index","follow":"follow","max-snippet":"max-snippet:-1","max-image-preview":"max-image-preview:large","max-video-preview":"max-video-preview:-1"},"canonical":"https:\/\/vikvandan.com\/es\/privacy-policy\/","og_locale":"es_ES","og_type":"article","og_title":"Privacy Policy. - VikVanDan","og_description":"Explore VikVanDan's Privacy Policy to learn how we collect, use, and protect your personal information while safeguarding your privacy.","og_url":"https:\/\/vikvandan.com\/es\/privacy-policy\/","og_site_name":"VikVanDan","article_modified_time":"2024-09-10T16:12:32+00:00","og_image":[{"width":4477,"height":697,"url":"https:\/\/vikvandan.com\/wp-content\/uploads\/2024\/06\/LOGO-AZUL-CELESTE-2.png","type":"image\/png"}],"twitter_card":"summary_large_image","twitter_misc":{"Tiempo de lectura":"3 minutos"},"schema":{"@context":"https:\/\/schema.org","@graph":[{"@type":"WebPage","@id":"https:\/\/vikvandan.com\/privacy-policy","url":"https:\/\/vikvandan.com\/privacy-policy","name":"Privacy Policy. - VikVanDan","isPartOf":{"@id":"https:\/\/vikvandan.com\/#website"},"datePublished":"2024-06-13T08:07:20+00:00","dateModified":"2024-09-10T16:12:32+00:00","description":"Explore VikVanDan's Privacy Policy to learn how we collect, use, and protect your personal information while safeguarding your privacy.","breadcrumb":{"@id":"https:\/\/vikvandan.com\/privacy-policy#breadcrumb"},"inLanguage":"es","potentialAction":[{"@type":"ReadAction","target":["https:\/\/vikvandan.com\/privacy-policy"]}]},{"@type":"BreadcrumbList","@id":"https:\/\/vikvandan.com\/privacy-policy#breadcrumb","itemListElement":[{"@type":"ListItem","position":1,"name":"Home","item":"https:\/\/vikvandan.com\/"},{"@type":"ListItem","position":2,"name":"Privacy Policy."}]},{"@type":"WebSite","@id":"https:\/\/vikvandan.com\/#website","url":"https:\/\/vikvandan.com\/","name":"VikVanDan","description":"Agencia de Consultor\u00eda en Cumplimiento de confianza,","publisher":{"@id":"https:\/\/vikvandan.com\/#organization"},"potentialAction":[{"@type":"SearchAction","target":{"@type":"EntryPoint","urlTemplate":"https:\/\/vikvandan.com\/?s={search_term_string}"},"query-input":{"@type":"PropertyValueSpecification","valueRequired":true,"valueName":"search_term_string"}}],"inLanguage":"es"},{"@type":"Organization","@id":"https:\/\/vikvandan.com\/#organization","name":"VikVanDan","url":"https:\/\/vikvandan.com\/","logo":{"@type":"ImageObject","inLanguage":"es","@id":"https:\/\/vikvandan.com\/#\/schema\/logo\/image\/","url":"https:\/\/vikvandan.com\/wp-content\/uploads\/2024\/06\/LOGO-AZUL-BLANCO-4.png","contentUrl":"https:\/\/vikvandan.com\/wp-content\/uploads\/2024\/06\/LOGO-AZUL-BLANCO-4.png","width":4477,"height":697,"caption":"VikVanDan"},"image":{"@id":"https:\/\/vikvandan.com\/#\/schema\/logo\/image\/"}}]}},"_links":{"self":[{"href":"https:\/\/vikvandan.com\/es\/wp-json\/wp\/v2\/pages\/3","targetHints":{"allow":["GET"]}}],"collection":[{"href":"https:\/\/vikvandan.com\/es\/wp-json\/wp\/v2\/pages"}],"about":[{"href":"https:\/\/vikvandan.com\/es\/wp-json\/wp\/v2\/types\/page"}],"author":[{"embeddable":true,"href":"https:\/\/vikvandan.com\/es\/wp-json\/wp\/v2\/users\/1"}],"replies":[{"embeddable":true,"href":"https:\/\/vikvandan.com\/es\/wp-json\/wp\/v2\/comments?post=3"}],"version-history":[{"count":3,"href":"https:\/\/vikvandan.com\/es\/wp-json\/wp\/v2\/pages\/3\/revisions"}],"predecessor-version":[{"id":402,"href":"https:\/\/vikvandan.com\/es\/wp-json\/wp\/v2\/pages\/3\/revisions\/402"}],"wp:attachment":[{"href":"https:\/\/vikvandan.com\/es\/wp-json\/wp\/v2\/media?parent=3"}],"curies":[{"name":"wp","href":"https:\/\/api.w.org\/{rel}","templated":true}]}}